{"id":232,"date":"2025-01-21T13:24:13","date_gmt":"2025-01-21T12:24:13","guid":{"rendered":"https:\/\/frenchbakingacademy.com\/?page_id=232"},"modified":"2025-04-02T13:38:27","modified_gmt":"2025-04-02T11:38:27","slug":"travaillez-avec-nous","status":"publish","type":"page","link":"https:\/\/frenchbakingacademy.com\/fr\/travaillez-avec-nous\/","title":{"rendered":"Travaillez avec nous"},"content":{"rendered":"\t\t<div data-elementor-type=\"wp-page\" data-elementor-id=\"232\" class=\"elementor elementor-232\" data-elementor-post-type=\"page\">\n\t\t\t\t\t\t<section class=\"elementor-section elementor-top-section elementor-element elementor-element-1b33865 elementor-section-height-min-height elementor-section-full_width elementor-section-items-stretch elementor-section-height-default\" data-id=\"1b33865\" data-element_type=\"section\" data-settings=\"{&quot;background_background&quot;:&quot;video&quot;,&quot;background_video_link&quot;:&quot;https:\\\/\\\/frenchbakingacademy.com\\\/wp-content\\\/uploads\\\/2025\\\/01\\\/home.mp4&quot;,&quot;background_play_on_mobile&quot;:&quot;yes&quot;}\">\n\t\t\t\t\t\t\t\t<div class=\"elementor-background-video-container\">\n\t\t\t\t\t\t\t\t\t\t\t\t\t<video class=\"elementor-background-video-hosted\" autoplay muted playsinline loop><\/video>\n\t\t\t\t\t\t\t\t\t\t\t<\/div>\n\t\t\t\t\t\t\t\t\t<div class=\"elementor-background-overlay\"><\/div>\n\t\t\t\t\t\t\t<div class=\"elementor-container elementor-column-gap-no\">\n\t\t\t\t\t<div class=\"elementor-column elementor-col-100 elementor-top-column elementor-element elementor-element-ffb1a84\" data-id=\"ffb1a84\" data-element_type=\"column\">\n\t\t\t<div class=\"elementor-widget-wrap elementor-element-populated\">\n\t\t\t\t\t\t<section class=\"elementor-section elementor-inner-section elementor-element elementor-element-dd8e3ea elementor-section-boxed elementor-section-height-default elementor-section-height-default elementor-invisible\" data-id=\"dd8e3ea\" data-element_type=\"section\" data-settings=\"{&quot;animation&quot;:&quot;fadeInUp&quot;}\">\n\t\t\t\t\t\t<div class=\"elementor-container elementor-column-gap-default\">\n\t\t\t\t\t<div class=\"elementor-column elementor-col-100 elementor-inner-column elementor-element elementor-element-d26fc9e\" data-id=\"d26fc9e\" data-element_type=\"column\">\n\t\t\t<div class=\"elementor-widget-wrap elementor-element-populated\">\n\t\t\t\t\t\t<div class=\"elementor-element elementor-element-d6ef67b elementor-widget elementor-widget-heading\" data-id=\"d6ef67b\" data-element_type=\"widget\" data-widget_type=\"heading.default\">\n\t\t\t\t<div class=\"elementor-widget-container\">\n\t\t\t\t\t<h1 class=\"elementor-heading-title elementor-size-default\">Travaillez avec nous<\/h1>\t\t\t\t<\/div>\n\t\t\t\t<\/div>\n\t\t\t\t<div class=\"elementor-element elementor-element-2c14650 elementor-widget elementor-widget-heading\" data-id=\"2c14650\" data-element_type=\"widget\" data-widget_type=\"heading.default\">\n\t\t\t\t<div class=\"elementor-widget-container\">\n\t\t\t\t\t<h5 class=\"elementor-heading-title elementor-size-default\">Vous souhaitez rejoindre votre \u00e9quipe?<\/h5>\t\t\t\t<\/div>\n\t\t\t\t<\/div>\n\t\t\t\t<div class=\"elementor-element elementor-element-b5a09dd elementor-widget elementor-widget-text-editor\" data-id=\"b5a09dd\" data-element_type=\"widget\" data-widget_type=\"text-editor.default\">\n\t\t\t\t<div class=\"elementor-widget-container\">\n\t\t\t\t\t\t\t\t\t<p>&#8211; Vous parlez anglais<\/p><p>&#8211; Vous \u00eates un.e p\u00e2tissier.e, un.e boulanger.e ou un.e cuisinier.e exp\u00e9riment\u00e9.e et surtout profond\u00e9ment passionn\u00e9.e<\/p><p>&#8211; Vous aimez partager votre expertise et votre savoir-faire pour la p\u00e2tisserie et la boulangerie \u00e0 la fran\u00e7aise<\/p><p>&#8211; Vous aimez l&rsquo;humain, les rencontres et les \u00e9changes<\/p><p>&#8211; Vous aimez la p\u00e2tisserie et la boulangerie mais surtout, vous aimez les raconter comme on raconte des histoires<\/p><p>&#8211; Vous \u00eates professionnel.le, ponctuel.le, fiable, rigoureux\/.se.<\/p><p>Rejoignez-nous ! Envoyez CV, lettre de motivation \u00e0 contact(a)provencebakingacademy.com<\/p>\t\t\t\t\t\t\t\t<\/div>\n\t\t\t\t<\/div>\n\t\t\t\t\t<\/div>\n\t\t<\/div>\n\t\t\t\t\t<\/div>\n\t\t<\/section>\n\t\t\t\t\t<\/div>\n\t\t<\/div>\n\t\t\t\t\t<\/div>\n\t\t<\/section>\n\t\t\t\t<section class=\"elementor-section elementor-top-section elementor-element elementor-element-d15720d elementor-section-boxed elementor-section-height-default elementor-section-height-default\" data-id=\"d15720d\" data-element_type=\"section\" data-settings=\"{&quot;background_background&quot;:&quot;classic&quot;}\">\n\t\t\t\t\t\t<div class=\"elementor-container elementor-column-gap-default\">\n\t\t\t\t\t<div class=\"elementor-column elementor-col-100 elementor-top-column elementor-element elementor-element-20a5d1c\" data-id=\"20a5d1c\" data-element_type=\"column\">\n\t\t\t<div class=\"elementor-widget-wrap\">\n\t\t\t\t\t\t\t<\/div>\n\t\t<\/div>\n\t\t\t\t\t<\/div>\n\t\t<\/section>\n\t\t\t\t<\/div>\n\t\t","protected":false},"excerpt":{"rendered":"<p>Vous souhaitez rejoindre votre \u00e9quipe? &#8211; Vous parlez anglais &#8211; Vous \u00eates un.e p\u00e2tissier.e, un.e boulanger.e ou un.e cuisinier.e exp\u00e9riment\u00e9.e et surtout profond\u00e9ment passionn\u00e9.e &#8211; Vous aimez partager votre expertise et votre savoir-faire pour la p\u00e2tisserie et la boulangerie \u00e0 la fran\u00e7aise &#8211; Vous aimez l&rsquo;humain, les rencontres et les \u00e9changes &#8211; Vous aimez la [&hellip;]<\/p>\n","protected":false},"author":1,"featured_media":389,"parent":0,"menu_order":0,"comment_status":"closed","ping_status":"closed","template":"elementor_header_footer","meta":{"_acf_changed":false,"footnotes":""},"categories":[],"class_list":["post-232","page","type-page","status-publish","has-post-thumbnail","hentry"],"acf":[],"_links":{"self":[{"href":"https:\/\/frenchbakingacademy.com\/fr\/wp-json\/wp\/v2\/pages\/232","targetHints":{"allow":["GET"]}}],"collection":[{"href":"https:\/\/frenchbakingacademy.com\/fr\/wp-json\/wp\/v2\/pages"}],"about":[{"href":"https:\/\/frenchbakingacademy.com\/fr\/wp-json\/wp\/v2\/types\/page"}],"author":[{"embeddable":true,"href":"https:\/\/frenchbakingacademy.com\/fr\/wp-json\/wp\/v2\/users\/1"}],"replies":[{"embeddable":true,"href":"https:\/\/frenchbakingacademy.com\/fr\/wp-json\/wp\/v2\/comments?post=232"}],"version-history":[{"count":3,"href":"https:\/\/frenchbakingacademy.com\/fr\/wp-json\/wp\/v2\/pages\/232\/revisions"}],"predecessor-version":[{"id":4257,"href":"https:\/\/frenchbakingacademy.com\/fr\/wp-json\/wp\/v2\/pages\/232\/revisions\/4257"}],"wp:featuredmedia":[{"embeddable":true,"href":"https:\/\/frenchbakingacademy.com\/fr\/wp-json\/wp\/v2\/media\/389"}],"wp:attachment":[{"href":"https:\/\/frenchbakingacademy.com\/fr\/wp-json\/wp\/v2\/media?parent=232"}],"wp:term":[{"taxonomy":"category","embeddable":true,"href":"https:\/\/frenchbakingacademy.com\/fr\/wp-json\/wp\/v2\/categories?post=232"}],"curies":[{"name":"wp","href":"https:\/\/api.w.org\/{rel}","templated":true}]}}